{"id":2629,"date":"2024-08-13T16:16:48","date_gmt":"2024-08-13T14:16:48","guid":{"rendered":"https:\/\/bern.gewerbeconsulting.ch\/impressum\/"},"modified":"2024-09-16T16:53:55","modified_gmt":"2024-09-16T14:53:55","slug":"impressum","status":"publish","type":"page","link":"https:\/\/gewerbeconsultingbern.ch\/fr\/impressum\/","title":{"rendered":"Impressum"},"content":{"rendered":"<div class=\"gb-container gb-container-3a4b371b legal-pages\">\n\n<h1 class=\"gb-headline gb-headline-a1557352 gb-headline-text\">Impressum<\/h1>\n\n\n\n<h2 class=\"gb-headline gb-headline-8cc4a454 gb-headline-text\"><strong>Adresse de contact<\/strong><\/h2>\n\n\n\n<p>Gewerbeconsulting Kruse  Partner GmbH<br\/>Seestrasse 303<br\/>8038 Z\u00fcrich<br\/>Schweiz<\/p>\n\n\n\n<p>E-Mail: <a href=\"mailto:hpk@gewerbeconsulting.ch\">hpk@gewerbeconsulting.ch<\/a><\/p>\n\n\n\n<h2 class=\"gb-headline gb-headline-83da7e6d gb-headline-text\"><strong>Personne(s) habilit\u00e9e(s) \u00e0 repr\u00e9senter l&rsquo;association<\/strong><\/h2>\n\n\n\n<p>Hans-Peter Kruse, directeur g\u00e9n\u00e9ral<\/p>\n\n\n\n<h2 class=\"gb-headline gb-headline-0a9f29a2 gb-headline-text\"><strong>Inscription au registre du commerce<\/strong><\/h2>\n\n\n\n<p>Nom de l&rsquo;entreprise enregistr\u00e9e : Gewerbeconsulting Kruse  Partner GmbH<br\/>N\u00b0 du registre du commerce : CHE-213.130.529<\/p>\n\n\n\n<h2 class=\"gb-headline gb-headline-bf3f2d0a gb-headline-text\"><strong>Clause de non-responsabilit\u00e9<\/strong><\/h2>\n\n\n\n<p>L&rsquo;auteur n&rsquo;assume aucune responsabilit\u00e9 quant \u00e0 la v\u00e9racit\u00e9, l&rsquo;exactitude, l&rsquo;actualit\u00e9, la fiabilit\u00e9 et l&rsquo;exhaustivit\u00e9 du contenu des informations.<\/p>\n\n\n\n<p>L&rsquo;auteur ne saurait \u00eatre tenu pour responsable des dommages mat\u00e9riels ou immat\u00e9riels qui pourraient \u00eatre caus\u00e9s par l&rsquo;acc\u00e8s aux informations diffus\u00e9es ou par leur utilisation ou non-utilisation, par le mauvais usage de la connexion ou par des probl\u00e8mes techniques.<\/p>\n\n\n\n<p>Toutes les offres sont sans engagement. L&rsquo;auteur se r\u00e9serve express\u00e9ment le droit de modifier, de compl\u00e9ter ou de supprimer des parties de pages ou l&rsquo;ensemble de l&rsquo;offre sans pr\u00e9avis particulier, ou d&rsquo;en suspendre temporairement ou d\u00e9finitivement la publication. <\/p>\n\n\n\n<h2 class=\"gb-headline gb-headline-726e52ae gb-headline-text\"><strong>Clause de non-responsabilit\u00e9 pour les liens<\/strong><\/h2>\n\n\n\n<p>Les renvois et liens vers des sites web de tiers ne rel\u00e8vent pas de notre responsabilit\u00e9. Nous d\u00e9clinons toute responsabilit\u00e9 pour de tels sites web. L&rsquo;acc\u00e8s \u00e0 de tels sites et leur utilisation se font aux risques et p\u00e9rils de l&rsquo;utilisateur.  <\/p>\n\n\n\n<h2 class=\"gb-headline gb-headline-9b2e620f gb-headline-text\"><strong>Droits d&rsquo;auteur<\/strong><\/h2>\n\n\n\n<p>Les droits d&rsquo;auteur et tous les autres droits relatifs aux contenus, images, photos ou autres fichiers figurant sur ce site web appartiennent exclusivement \u00e0 la soci\u00e9t\u00e9 <strong>Gewerbeconsulting Kruse Partner GmbH<\/strong> ou aux titulaires de droits sp\u00e9cialement cit\u00e9s. Pour la reproduction de tout \u00e9l\u00e9ment, l&rsquo;accord \u00e9crit du d\u00e9tenteur des droits d&rsquo;auteur doit \u00eatre obtenu au pr\u00e9alable. <\/p>\n\n\n\n<p>Source: <a href=\"https:\/\/www.swissanwalt.ch\/impressum-generator.aspx\" target=\"_blank\" rel=\"noreferrer noopener\">Impressum-Generator von SwissAnwalt<\/a><\/p>\n\n<\/div>","protected":false},"excerpt":{"rendered":"<p>Impressum Adresse de contact Gewerbeconsulting Kruse Partner GmbHSeestrasse 3038038 Z\u00fcrichSchweiz E-Mail: hpk@gewerbeconsulting.ch Personne(s) habilit\u00e9e(s) \u00e0 repr\u00e9senter l&rsquo;association Hans-Peter Kruse, directeur g\u00e9n\u00e9ral Inscription au registre du commerce Nom de l&rsquo;entreprise enregistr\u00e9e : Gewerbeconsulting Kruse Partner GmbHN\u00b0 du registre du commerce : CHE-213.130.529 Clause de non-responsabilit\u00e9 L&rsquo;auteur n&rsquo;assume aucune responsabilit\u00e9 quant \u00e0 la v\u00e9racit\u00e9, l&rsquo;exactitude, l&rsquo;actualit\u00e9, la &#8230; <a title=\"Impressum\" class=\"read-more\" href=\"https:\/\/gewerbeconsultingbern.ch\/fr\/impressum\/\" aria-label=\"En savoir plus sur Impressum\">Lire plus<\/a><\/p>\n","protected":false},"author":1,"featured_media":0,"parent":0,"menu_order":0,"comment_status":"closed","ping_status":"closed","template":"","meta":{"_acf_changed":false,"inline_featured_image":false,"footnotes":""},"class_list":["post-2629","page","type-page","status-publish"],"acf":[],"distributor_meta":false,"distributor_terms":false,"distributor_media":false,"distributor_original_site_name":"Gewerbe Consulting Kruse &amp; Partner Bern","distributor_original_site_url":"https:\/\/gewerbeconsultingbern.ch\/fr\/","push-errors":false,"_links":{"self":[{"href":"https:\/\/gewerbeconsultingbern.ch\/fr\/wp-json\/wp\/v2\/pages\/2629","targetHints":{"allow":["GET"]}}],"collection":[{"href":"https:\/\/gewerbeconsultingbern.ch\/fr\/wp-json\/wp\/v2\/pages"}],"about":[{"href":"https:\/\/gewerbeconsultingbern.ch\/fr\/wp-json\/wp\/v2\/types\/page"}],"author":[{"embeddable":true,"href":"https:\/\/gewerbeconsultingbern.ch\/fr\/wp-json\/wp\/v2\/users\/1"}],"replies":[{"embeddable":true,"href":"https:\/\/gewerbeconsultingbern.ch\/fr\/wp-json\/wp\/v2\/comments?post=2629"}],"version-history":[{"count":1,"href":"https:\/\/gewerbeconsultingbern.ch\/fr\/wp-json\/wp\/v2\/pages\/2629\/revisions"}],"predecessor-version":[{"id":2630,"href":"https:\/\/gewerbeconsultingbern.ch\/fr\/wp-json\/wp\/v2\/pages\/2629\/revisions\/2630"}],"wp:attachment":[{"href":"https:\/\/gewerbeconsultingbern.ch\/fr\/wp-json\/wp\/v2\/media?parent=2629"}],"curies":[{"name":"wp","href":"https:\/\/api.w.org\/{rel}","templated":true}]}}