{"id":2685,"date":"2024-08-20T15:15:13","date_gmt":"2024-08-20T13:15:13","guid":{"rendered":"https:\/\/bern.gewerbeconsulting.ch\/planification-design-amenagement-dinterieur\/design-architecture-dinterieur\/"},"modified":"2024-09-16T19:05:04","modified_gmt":"2024-09-16T17:05:04","slug":"design-architecture-dinterieur","status":"publish","type":"page","link":"https:\/\/gewerbeconsultingbern.ch\/fr\/planification-design-amenagement-dinterieur\/design-architecture-dinterieur\/","title":{"rendered":"Design  Architecture d\u2019int\u00e9rieur"},"content":{"rendered":"<div class=\"gb-container gb-container-a85c54ab hero-section alignfull\">\n<div class=\"gb-container gb-container-7cc5e2f5 hero-section-info\">\n\n<p class=\"gb-headline gb-headline-4a3f2f98 gb-headline-text hero-cat\"><a href=\"https:\/\/gewerbeconsultingbern.ch\/fr\/planification-design-amenagement-dinterieur\/\" data-type=\"page\" data-id=\"1424\">Planification &#8211; Design &#8211; Am\u00e9nagement d\u2019int\u00e9rieur<\/a><\/p>\n\n\n\n<h1 class=\"gb-headline gb-headline-70667a45 gb-headline-text\" data-aos=\"fade-down\">Design  Architecture d\u2019int\u00e9rieur<\/h1>\n\n<\/div>\n\n<div class=\"gb-container gb-container-c64e5cb6 hero-social-wrap\">\n\n<ul class=\"wp-block-social-links has-icon-color is-style-logos-only is-vertical is-content-justification-right is-layout-flex wp-container-core-social-links-is-layout-b6c475e2 wp-block-social-links-is-layout-flex\"><li style=\"color:var(--base-3);\" class=\"wp-social-link wp-social-link-facebook has-base-3-color wp-block-social-link\"><a rel=\"noopener nofollow\" target=\"_blank\" href=\"https:\/\/www.facebook.com\/gewerbeconsulting\" class=\"wp-block-social-link-anchor\"><svg width=\"24\" height=\"24\" viewBox=\"0 0 24 24\" version=\"1.1\" xmlns=\"http:\/\/www.w3.org\/2000\/svg\" aria-hidden=\"true\" focusable=\"false\"><path d=\"M12 2C6.5 2 2 6.5 2 12c0 5 3.7 9.1 8.4 9.9v-7H7.9V12h2.5V9.8c0-2.5 1.5-3.9 3.8-3.9 1.1 0 2.2.2 2.2.2v2.5h-1.3c-1.2 0-1.6.8-1.6 1.6V12h2.8l-.4 2.9h-2.3v7C18.3 21.1 22 17 22 12c0-5.5-4.5-10-10-10z\"><\/path><\/svg><span class=\"wp-block-social-link-label screen-reader-text\">Facebook<\/span><\/a><\/li>\n\n<li style=\"color:var(--base-3);\" class=\"wp-social-link wp-social-link-instagram has-base-3-color wp-block-social-link\"><a rel=\"noopener nofollow\" target=\"_blank\" href=\"https:\/\/www.instagram.com\/gewerbeconsulting.kruse\/\" class=\"wp-block-social-link-anchor\"><svg width=\"24\" height=\"24\" viewBox=\"0 0 24 24\" version=\"1.1\" xmlns=\"http:\/\/www.w3.org\/2000\/svg\" aria-hidden=\"true\" focusable=\"false\"><path d=\"M12,4.622c2.403,0,2.688,0.009,3.637,0.052c0.877,0.04,1.354,0.187,1.671,0.31c0.42,0.163,0.72,0.358,1.035,0.673 c0.315,0.315,0.51,0.615,0.673,1.035c0.123,0.317,0.27,0.794,0.31,1.671c0.043,0.949,0.052,1.234,0.052,3.637 s-0.009,2.688-0.052,3.637c-0.04,0.877-0.187,1.354-0.31,1.671c-0.163,0.42-0.358,0.72-0.673,1.035 c-0.315,0.315-0.615,0.51-1.035,0.673c-0.317,0.123-0.794,0.27-1.671,0.31c-0.949,0.043-1.233,0.052-3.637,0.052 s-2.688-0.009-3.637-0.052c-0.877-0.04-1.354-0.187-1.671-0.31c-0.42-0.163-0.72-0.358-1.035-0.673 c-0.315-0.315-0.51-0.615-0.673-1.035c-0.123-0.317-0.27-0.794-0.31-1.671C4.631,14.688,4.622,14.403,4.622,12 s0.009-2.688,0.052-3.637c0.04-0.877,0.187-1.354,0.31-1.671c0.163-0.42,0.358-0.72,0.673-1.035 c0.315-0.315,0.615-0.51,1.035-0.673c0.317-0.123,0.794-0.27,1.671-0.31C9.312,4.631,9.597,4.622,12,4.622 M12,3 C9.556,3,9.249,3.01,8.289,3.054C7.331,3.098,6.677,3.25,6.105,3.472C5.513,3.702,5.011,4.01,4.511,4.511 c-0.5,0.5-0.808,1.002-1.038,1.594C3.25,6.677,3.098,7.331,3.054,8.289C3.01,9.249,3,9.556,3,12c0,2.444,0.01,2.751,0.054,3.711 c0.044,0.958,0.196,1.612,0.418,2.185c0.23,0.592,0.538,1.094,1.038,1.594c0.5,0.5,1.002,0.808,1.594,1.038 c0.572,0.222,1.227,0.375,2.185,0.418C9.249,20.99,9.556,21,12,21s2.751-0.01,3.711-0.054c0.958-0.044,1.612-0.196,2.185-0.418 c0.592-0.23,1.094-0.538,1.594-1.038c0.5-0.5,0.808-1.002,1.038-1.594c0.222-0.572,0.375-1.227,0.418-2.185 C20.99,14.751,21,14.444,21,12s-0.01-2.751-0.054-3.711c-0.044-0.958-0.196-1.612-0.418-2.185c-0.23-0.592-0.538-1.094-1.038-1.594 c-0.5-0.5-1.002-0.808-1.594-1.038c-0.572-0.222-1.227-0.375-2.185-0.418C14.751,3.01,14.444,3,12,3L12,3z M12,7.378 c-2.552,0-4.622,2.069-4.622,4.622S9.448,16.622,12,16.622s4.622-2.069,4.622-4.622S14.552,7.378,12,7.378z M12,15 c-1.657,0-3-1.343-3-3s1.343-3,3-3s3,1.343,3,3S13.657,15,12,15z M16.804,6.116c-0.596,0-1.08,0.484-1.08,1.08 s0.484,1.08,1.08,1.08c0.596,0,1.08-0.484,1.08-1.08S17.401,6.116,16.804,6.116z\"><\/path><\/svg><span class=\"wp-block-social-link-label screen-reader-text\">Instagram<\/span><\/a><\/li>\n\n<li style=\"color:var(--base-3);\" class=\"wp-social-link wp-social-link-linkedin has-base-3-color wp-block-social-link\"><a rel=\"noopener nofollow\" target=\"_blank\" href=\"https:\/\/www.linkedin.com\/company\/gewerbeconsulting-kruse-partner\" class=\"wp-block-social-link-anchor\"><svg width=\"24\" height=\"24\" viewBox=\"0 0 24 24\" version=\"1.1\" xmlns=\"http:\/\/www.w3.org\/2000\/svg\" aria-hidden=\"true\" focusable=\"false\"><path d=\"M19.7,3H4.3C3.582,3,3,3.582,3,4.3v15.4C3,20.418,3.582,21,4.3,21h15.4c0.718,0,1.3-0.582,1.3-1.3V4.3 C21,3.582,20.418,3,19.7,3z M8.339,18.338H5.667v-8.59h2.672V18.338z M7.004,8.574c-0.857,0-1.549-0.694-1.549-1.548 c0-0.855,0.691-1.548,1.549-1.548c0.854,0,1.547,0.694,1.547,1.548C8.551,7.881,7.858,8.574,7.004,8.574z M18.339,18.338h-2.669 v-4.177c0-0.996-0.017-2.278-1.387-2.278c-1.389,0-1.601,1.086-1.601,2.206v4.249h-2.667v-8.59h2.559v1.174h0.037 c0.356-0.675,1.227-1.387,2.526-1.387c2.703,0,3.203,1.779,3.203,4.092V18.338z\"><\/path><\/svg><span class=\"wp-block-social-link-label screen-reader-text\">LinkedIn<\/span><\/a><\/li><\/ul>\n\n<\/div>\n<\/div><div class=\"gb-container gb-container-d1e95cd0\">\n\n<figure class=\"gb-block-image gb-block-image-a7d30885\"><img loading=\"lazy\" decoding=\"async\" width=\"622\" height=\"128\" class=\"gb-image gb-image-a7d30885\" src=\"https:\/\/gewerbeconsultingbern.ch\/wp-content\/uploads\/sites\/5\/2024\/08\/GewerbeConsulting-Logo-schwarz-hf.png\" alt=\"logo\" title=\"GewerbeConsulting-Logo-schwarz-hf\" srcset=\"https:\/\/gewerbeconsultingbern.ch\/wp-content\/uploads\/sites\/5\/2024\/08\/GewerbeConsulting-Logo-schwarz-hf.png 622w, https:\/\/gewerbeconsultingbern.ch\/wp-content\/uploads\/sites\/5\/2024\/08\/GewerbeConsulting-Logo-schwarz-hf-300x62.png 300w\" sizes=\"auto, (max-width: 622px) 100vw, 622px\" \/><\/figure>\n\n\n\n<p class=\"gb-headline gb-headline-5c4405f8 gb-headline-text\">Apr\u00e8s une premi\u00e8re rencontre ensemble dans le local, que vous aimez reconstruire, nous pouvons vous pr\u00e9senter deux mood boards \u00e0 tr\u00e8s court terme, afin que nous ayons une base pour cr\u00e9er le design d\u2019int\u00e9rieur.<\/p>\n\n\n\n<div style=\"height:90px\" aria-hidden=\"true\" class=\"wp-block-spacer orange-line\"><\/div>\n\n\n\n<figure class=\"gb-block-image gb-block-image-1cc9b593\"><img loading=\"lazy\" decoding=\"async\" width=\"1024\" height=\"770\" class=\"gb-image gb-image-1cc9b593 special-img\" src=\"https:\/\/gewerbeconsultingbern.ch\/wp-content\/uploads\/sites\/5\/2024\/08\/img-com-1024x770-1.jpg\" alt=\"Design\" title=\"img-com-1024x770\" srcset=\"https:\/\/gewerbeconsultingbern.ch\/wp-content\/uploads\/sites\/5\/2024\/08\/img-com-1024x770-1.jpg 1024w, https:\/\/gewerbeconsultingbern.ch\/wp-content\/uploads\/sites\/5\/2024\/08\/img-com-1024x770-1-300x226.jpg 300w, https:\/\/gewerbeconsultingbern.ch\/wp-content\/uploads\/sites\/5\/2024\/08\/img-com-1024x770-1-768x578.jpg 768w\" sizes=\"auto, (max-width: 1024px) 100vw, 1024px\" \/><\/figure>\n\n\n\n<div style=\"height:90px\" aria-hidden=\"true\" class=\"wp-block-spacer orange-line\"><\/div>\n\n\n\n<figure class=\"gb-block-image gb-block-image-169eb592\"><img loading=\"lazy\" decoding=\"async\" width=\"1024\" height=\"769\" class=\"gb-image gb-image-169eb592 special-img\" src=\"https:\/\/gewerbeconsultingbern.ch\/wp-content\/uploads\/sites\/5\/2024\/08\/33.jpg\" alt=\"Design 2\" title=\"33\" srcset=\"https:\/\/gewerbeconsultingbern.ch\/wp-content\/uploads\/sites\/5\/2024\/08\/33.jpg 1024w, https:\/\/gewerbeconsultingbern.ch\/wp-content\/uploads\/sites\/5\/2024\/08\/33-300x225.jpg 300w, https:\/\/gewerbeconsultingbern.ch\/wp-content\/uploads\/sites\/5\/2024\/08\/33-768x577.jpg 768w\" sizes=\"auto, (max-width: 1024px) 100vw, 1024px\" \/><\/figure>\n\n\n\n<div style=\"height:90px\" aria-hidden=\"true\" class=\"wp-block-spacer orange-line\"><\/div>\n\n\n\n<p class=\"gb-headline gb-headline-e7eb71ae gb-headline-text\">Sur une base d\u00e9velopp\u00e9e conjointement, nous cr\u00e9ons pour vous une \u00e9tude de conception individuelle en 3D<\/p>\n\n\n\n<div style=\"height:90px\" aria-hidden=\"true\" class=\"wp-block-spacer orange-line\"><\/div>\n\n\n\n<figure class=\"gb-block-image gb-block-image-759f2842\"><img loading=\"lazy\" decoding=\"async\" width=\"800\" height=\"600\" class=\"gb-image gb-image-759f2842 special-img\" src=\"https:\/\/gewerbeconsultingbern.ch\/wp-content\/uploads\/sites\/5\/2024\/08\/render_final_002-1.jpg\" alt=\"Design 3\" srcset=\"https:\/\/gewerbeconsultingbern.ch\/wp-content\/uploads\/sites\/5\/2024\/08\/render_final_002-1.jpg 800w, https:\/\/gewerbeconsultingbern.ch\/wp-content\/uploads\/sites\/5\/2024\/08\/render_final_002-1-300x225.jpg 300w, https:\/\/gewerbeconsultingbern.ch\/wp-content\/uploads\/sites\/5\/2024\/08\/render_final_002-1-768x576.jpg 768w\" sizes=\"auto, (max-width: 800px) 100vw, 800px\" \/><\/figure>\n\n<\/div>","protected":false},"excerpt":{"rendered":"<p>Planification &#8211; Design &#8211; Am\u00e9nagement d\u2019int\u00e9rieur Design Architecture d\u2019int\u00e9rieur Apr\u00e8s une premi\u00e8re rencontre ensemble dans le local, que vous aimez reconstruire, nous pouvons vous pr\u00e9senter deux mood boards \u00e0 tr\u00e8s court terme, afin que nous ayons une base pour cr\u00e9er le design d\u2019int\u00e9rieur. Sur une base d\u00e9velopp\u00e9e conjointement, nous cr\u00e9ons pour vous une \u00e9tude de &#8230; <a title=\"Design  Architecture d\u2019int\u00e9rieur\" class=\"read-more\" href=\"https:\/\/gewerbeconsultingbern.ch\/fr\/planification-design-amenagement-dinterieur\/design-architecture-dinterieur\/\" aria-label=\"En savoir plus sur Design  Architecture d\u2019int\u00e9rieur\">Lire plus<\/a><\/p>\n","protected":false},"author":1,"featured_media":3336,"parent":2667,"menu_order":0,"comment_status":"closed","ping_status":"closed","template":"","meta":{"_acf_changed":false,"inline_featured_image":false,"footnotes":""},"class_list":["post-2685","page","type-page","status-publish","has-post-thumbnail"],"acf":[],"distributor_meta":false,"distributor_terms":false,"distributor_media":false,"distributor_original_site_name":"Gewerbe Consulting Kruse &amp; Partner Bern","distributor_original_site_url":"https:\/\/gewerbeconsultingbern.ch\/fr\/","push-errors":false,"_links":{"self":[{"href":"https:\/\/gewerbeconsultingbern.ch\/fr\/wp-json\/wp\/v2\/pages\/2685","targetHints":{"allow":["GET"]}}],"collection":[{"href":"https:\/\/gewerbeconsultingbern.ch\/fr\/wp-json\/wp\/v2\/pages"}],"about":[{"href":"https:\/\/gewerbeconsultingbern.ch\/fr\/wp-json\/wp\/v2\/types\/page"}],"author":[{"embeddable":true,"href":"https:\/\/gewerbeconsultingbern.ch\/fr\/wp-json\/wp\/v2\/users\/1"}],"replies":[{"embeddable":true,"href":"https:\/\/gewerbeconsultingbern.ch\/fr\/wp-json\/wp\/v2\/comments?post=2685"}],"version-history":[{"count":1,"href":"https:\/\/gewerbeconsultingbern.ch\/fr\/wp-json\/wp\/v2\/pages\/2685\/revisions"}],"predecessor-version":[{"id":2686,"href":"https:\/\/gewerbeconsultingbern.ch\/fr\/wp-json\/wp\/v2\/pages\/2685\/revisions\/2686"}],"up":[{"embeddable":true,"href":"https:\/\/gewerbeconsultingbern.ch\/fr\/wp-json\/wp\/v2\/pages\/2667"}],"wp:featuredmedia":[{"embeddable":true,"href":"https:\/\/gewerbeconsultingbern.ch\/fr\/wp-json\/wp\/v2\/media\/3336"}],"wp:attachment":[{"href":"https:\/\/gewerbeconsultingbern.ch\/fr\/wp-json\/wp\/v2\/media?parent=2685"}],"curies":[{"name":"wp","href":"https:\/\/api.w.org\/{rel}","templated":true}]}}