{"id":2631,"date":"2024-08-13T16:16:48","date_gmt":"2024-08-13T14:16:48","guid":{"rendered":"https:\/\/bern.gewerbeconsulting.ch\/impronta\/"},"modified":"2024-09-16T16:56:47","modified_gmt":"2024-09-16T14:56:47","slug":"impronta","status":"publish","type":"page","link":"https:\/\/gewerbeconsultingbern.ch\/it\/impronta\/","title":{"rendered":"Impronta"},"content":{"rendered":"<div class=\"gb-container gb-container-3a4b371b legal-pages\">\n\n<h1 class=\"gb-headline gb-headline-a1557352 gb-headline-text\">Impronta<\/h1>\n\n\n\n<h2 class=\"gb-headline gb-headline-8cc4a454 gb-headline-text\"><strong>Indirizzo di contatto<\/strong><\/h2>\n\n\n\n<p>Gewerbeconsulting Kruse  Partner GmbH<br\/>Seestrasse 303<br\/>8038 Z\u00fcrich<br\/>Schweiz<\/p>\n\n\n\n<p>E-Mail: <a href=\"mailto:hpk@gewerbeconsulting.ch\">hpk@gewerbeconsulting.ch<\/a><\/p>\n\n\n\n<h2 class=\"gb-headline gb-headline-83da7e6d gb-headline-text\"><strong>Rappresentante\/i autorizzato\/i<\/strong><\/h2>\n\n\n\n<p>Hans-Peter Kruse, direttore generale<\/p>\n\n\n\n<h2 class=\"gb-headline gb-headline-0a9f29a2 gb-headline-text\"><strong>Iscrizione al registro delle imprese<\/strong><\/h2>\n\n\n\n<p>Denominazione sociale: Gewerbeconsulting Kruse  Partner GmbH<br\/>Numero di registro commerciale: CHE-213.130.529<\/p>\n\n\n\n<h2 class=\"gb-headline gb-headline-bf3f2d0a gb-headline-text\"><strong>Dichiarazione di non responsabilit\u00e0<\/strong><\/h2>\n\n\n\n<p>L&#8217;autore non si assume alcuna responsabilit\u00e0 in merito alla correttezza, all&#8217;accuratezza, all&#8217;attualit\u00e0, all&#8217;affidabilit\u00e0 e alla completezza delle informazioni.<\/p>\n\n\n\n<p>Sono escluse le richieste di responsabilit\u00e0 nei confronti dell&#8217;autore per danni materiali o immateriali derivanti dall&#8217;accesso, dall&#8217;uso o dal mancato uso delle informazioni pubblicate, dall&#8217;uso improprio della connessione o da guasti tecnici.<\/p>\n\n\n\n<p>Tutte le offerte non sono vincolanti. L&#8217;autore si riserva espressamente il diritto di modificare, integrare o cancellare parti delle pagine o l&#8217;intera offerta senza preavviso o di interrompere temporaneamente o definitivamente la pubblicazione. <\/p>\n\n\n\n<h2 class=\"gb-headline gb-headline-726e52ae gb-headline-text\"><strong>Disclaimer per i link<\/strong><\/h2>\n\n\n\n<p>I riferimenti e i link a siti web di terzi non rientrano nella nostra sfera di responsabilit\u00e0. Si declina ogni responsabilit\u00e0 per tali siti web. L&#8217;accesso e l&#8217;utilizzo di tali siti web \u00e8 a rischio e pericolo dell&#8217;utente.  <\/p>\n\n\n\n<h2 class=\"gb-headline gb-headline-9b2e620f gb-headline-text\"><strong>Copyright<\/strong><\/h2>\n\n\n\n<p>I diritti d&#8217;autore e tutti gli altri diritti su contenuti, immagini, foto o altri file di questo sito web appartengono esclusivamente a <strong>Gewerbeconsulting Kruse Partner GmbH<\/strong> o ai titolari dei diritti specificamente indicati. Per la riproduzione di qualsiasi elemento \u00e8 necessario ottenere preventivamente il consenso scritto del titolare del copyright. <\/p>\n\n\n\n<p>Fonte: <a href=\"https:\/\/www.swissanwalt.ch\/impressum-generator.aspx\" target=\"_blank\" rel=\"noreferrer noopener\">Impressum-Generator von SwissAnwalt<\/a><\/p>\n\n<\/div>","protected":false},"excerpt":{"rendered":"<p>Impronta Indirizzo di contatto Gewerbeconsulting Kruse Partner GmbHSeestrasse 3038038 Z\u00fcrichSchweiz E-Mail: hpk@gewerbeconsulting.ch Rappresentante\/i autorizzato\/i Hans-Peter Kruse, direttore generale Iscrizione al registro delle imprese Denominazione sociale: Gewerbeconsulting Kruse Partner GmbHNumero di registro commerciale: CHE-213.130.529 Dichiarazione di non responsabilit\u00e0 L&#8217;autore non si assume alcuna responsabilit\u00e0 in merito alla correttezza, all&#8217;accuratezza, all&#8217;attualit\u00e0, all&#8217;affidabilit\u00e0 e alla completezza delle informazioni. &#8230; <a title=\"Impronta\" class=\"read-more\" href=\"https:\/\/gewerbeconsultingbern.ch\/it\/impronta\/\" aria-label=\"Per saperne di pi\u00f9 su Impronta\">Leggi tutto<\/a><\/p>\n","protected":false},"author":1,"featured_media":0,"parent":0,"menu_order":0,"comment_status":"closed","ping_status":"closed","template":"","meta":{"_acf_changed":false,"inline_featured_image":false,"footnotes":""},"class_list":["post-2631","page","type-page","status-publish"],"acf":[],"distributor_meta":false,"distributor_terms":false,"distributor_media":false,"distributor_original_site_name":"Gewerbe Consulting Kruse &amp; Partner Bern","distributor_original_site_url":"https:\/\/gewerbeconsultingbern.ch\/it\/","push-errors":false,"_links":{"self":[{"href":"https:\/\/gewerbeconsultingbern.ch\/it\/wp-json\/wp\/v2\/pages\/2631","targetHints":{"allow":["GET"]}}],"collection":[{"href":"https:\/\/gewerbeconsultingbern.ch\/it\/wp-json\/wp\/v2\/pages"}],"about":[{"href":"https:\/\/gewerbeconsultingbern.ch\/it\/wp-json\/wp\/v2\/types\/page"}],"author":[{"embeddable":true,"href":"https:\/\/gewerbeconsultingbern.ch\/it\/wp-json\/wp\/v2\/users\/1"}],"replies":[{"embeddable":true,"href":"https:\/\/gewerbeconsultingbern.ch\/it\/wp-json\/wp\/v2\/comments?post=2631"}],"version-history":[{"count":1,"href":"https:\/\/gewerbeconsultingbern.ch\/it\/wp-json\/wp\/v2\/pages\/2631\/revisions"}],"predecessor-version":[{"id":2632,"href":"https:\/\/gewerbeconsultingbern.ch\/it\/wp-json\/wp\/v2\/pages\/2631\/revisions\/2632"}],"wp:attachment":[{"href":"https:\/\/gewerbeconsultingbern.ch\/it\/wp-json\/wp\/v2\/media?parent=2631"}],"curies":[{"name":"wp","href":"https:\/\/api.w.org\/{rel}","templated":true}]}}